{"id":3702,"date":"2015-07-07T05:28:37","date_gmt":"2015-07-07T05:28:37","guid":{"rendered":"http:\/\/themes.themegoods.com\/photography\/demo1\/?page_id=3702"},"modified":"2022-01-11T15:46:20","modified_gmt":"2022-01-11T14:46:20","slug":"home-one-page","status":"publish","type":"page","link":"https:\/\/cedric-lebreton.fr\/","title":{"rendered":"Home &#8211; One Page"},"content":{"rendered":"<div  class=\"  ppb_popup one withbg \" style=\"background-image:url(https:\/\/cedric-lebreton.fr\/wp-content\/uploads\/2020\/11\/2016-12-18-073227-1_31726914865_o.jpg);background-position: center center;padding:180px 0 180px 0;\" >\n<div class=\"page_content_wrapper\">\n<div class=\"inner\">\n<div class=\"overlay_gallery_wrapper\" style=\"text-align:center;background:;\">\n<div class=\"overlay_gallery_border\" style=\"\">\n<div class=\"overlay_gallery_content\">\n<h2 class=\"ppb_title\" style=\"\">C\u00e9dric Le Breton &#8211; Cr\u00e9ateur de contenu (Photos, vid\u00e9os, sites&#8230;)<\/h2>\n<hr class=\"title_break center\" style=\"\"\/>\n<div class=\"ppb_header_content\">\n<p style=\"text-align: center;\">&#8220;Une photographie, c&#8217;est un fragment de temps qui ne reviendra pas.&#8221;<\/p>\n<p style=\"text-align: center;\"><strong>Martine Franck<\/strong><\/p>\n<p style=\"text-align: center;\">Pas d&#8217;h\u00e9sitation, m\u00eame si le clich\u00e9 n&#8217;est pas parfait, il peut quand m\u00eame transmettre des \u00e9motions. Voila comment je vois la photographie.<br \/>\nLa technique est importante mais l&#8217;\u00e9motion encore plus.<\/p>\n<p><img loading=\"lazy\" decoding=\"async\" loading=\"lazy\" class=\"size-medium wp-image-5761 aligncenter\" src=\"https:\/\/cedric-lebreton.fr\/wp-content\/uploads\/2022\/01\/Le-Breton.-1.png\" alt=\"\" width=\"150\" height=\"150\" \/><\/p>\n<\/div>\n<\/div>\n<\/div>\n<\/div>\n<\/div>\n<\/div>\n<\/div>\n<div class=\"standard_wrapper\">\n<div  class=\"one_third withsmallpadding ppb_text\" style=\"padding:50px 0 50px 0;\" >\n<div class=\"standard_wrapper\">\n<div class=\"page_content_wrapper\">\n<div class=\"inner\">\n<div style=\"margin:auto;width:100%\">\n<p><img loading=\"lazy\" decoding=\"async\" loading=\"lazy\" class=\"alignnone size-large wp-image-6074\" src=\"https:\/\/cedric-lebreton.fr\/wp-content\/uploads\/2020\/11\/2016-05-17_11-02-07_26474114974_o-1024x683.jpg\" alt=\"\" width=\"1024\" height=\"683\" \/><\/p>\n<h5>Portrait, Mariage, Naissance&#8230;<\/h5>\n<p>Voler un sourire, une expression, d&#8217;un enfant ou d&#8217;un adulte.<br \/>\nEn studio ou en lumi\u00e8re naturelle. Tout est possible !<br \/>\nPhoto de grossesse, photos de naissance, portrait de famille, reportage mariage, enterrement vie de gar\u00e7on\/fille&#8230;<\/p>\n<\/div>\n<\/div>\n<\/div>\n<\/div>\n<\/div>\n<\/div>\n<div class=\"standard_wrapper\">\n<div  class=\"one_third withsmallpadding ppb_text\" style=\"padding:50px 0 50px 0;\" >\n<div class=\"standard_wrapper\">\n<div class=\"page_content_wrapper\">\n<div class=\"inner\">\n<div style=\"margin:auto;width:100%\">\n<p><img loading=\"lazy\" decoding=\"async\" loading=\"lazy\" class=\"size-large wp-image-6124\" src=\"https:\/\/cedric-lebreton.fr\/wp-content\/uploads\/2020\/11\/2020-11-11-033454357-1024x680.jpg\" alt=\"\" width=\"1024\" height=\"680\" \/><\/p>\n<h5>Paysages, voyages<\/h5>\n<p>Un peu de Bretagne et d&#8217;ailleurs, quelques images sont \u00e0 vendre.<br \/>\nFaites un tour sur le shop !<\/p>\n<\/div>\n<\/div>\n<\/div>\n<\/div>\n<\/div>\n<\/div>\n<div class=\"standard_wrapper\">\n<div  class=\"one_third last withsmallpadding ppb_text\" style=\"padding:50px 0 50px 0;\" >\n<div class=\"standard_wrapper\">\n<div class=\"page_content_wrapper\">\n<div class=\"inner\">\n<div style=\"margin:auto;width:100%\">\n<p><img loading=\"lazy\" decoding=\"async\" loading=\"lazy\" class=\"size-large wp-image-6139\" src=\"https:\/\/cedric-lebreton.fr\/wp-content\/uploads\/2020\/11\/2020-11-12-104811741-1024x690.jpg\" alt=\"\" width=\"1024\" height=\"690\" \/><\/p>\n<h5>Lifestyle, art<\/h5>\n<p>Une sc\u00e8ne de vie, un objet, tout peut \u00eatre photog\u00e9nique.<br \/>\nImages disponibles sur le shop<\/p>\n<\/div>\n<\/div>\n<\/div>\n<\/div>\n<\/div>\n<\/div>\n<div id=\"shop\" class=\"one\" style=\"background-color:#222222;color:#ffffff;\" >\n<div class=\"page_content_wrapper nopadding\">\n<div class=\"one_half_bg\" style=\"background-image:url(https:\/\/cedric-lebreton.fr\/wp-content\/uploads\/2020\/11\/2020-11-12-11.31.37-3-scaled.jpg);height:700px;\"><\/div>\n<div class=\"one_half_bg\" style=\"padding:80px;\">\n<div class=\"ppb_subtitle\" style=\"color:#ffffff;\">20 images en s\u00e9rie limit\u00e9s<\/div>\n<h2 class=\"ppb_title\" style=\"color:#ffffff;\">Le Shop<\/h2>\n<hr class=\"title_break left\" style=\"border-color:#ffffff;\"\/>\n<div class=\"ppb_header_content\">\n<p>DES TIRAGES D&#8217;ART DE HAUTE QUALIT\u00c9 ACCOMPAGN\u00c9S D&#8217;UN CERTIFICAT D&#8217;AUTHENTICIT\u00c9<\/p>\n<\/div>\n<div style=\"margin-top: 20px;\">\n<p>La Photographie d\u2019Art est une photographie en tirage limit\u00e9 de 30 exemplaires maximums, tous formats confondus, num\u00e9rot\u00e9e et sign\u00e9e par son auteur.<\/p>\n<p>Les Photographies d\u2019Art propos\u00e9es dans ce catalogue sont tir\u00e9es en s\u00e9ries limit\u00e9es de 8 \u00e0 30 exemplaires selon la photographie. Une photo d\u2019art est une oeuvre d\u2019art, rare par son nombre de tirages exclusifs.<\/p>\n<p>Toutes les photographies sont des tirages argentiques r\u00e9alis\u00e9s par le laboratoire professionnel Zeinberg au savoir-faire unique.<\/p>\n<p>Les tirages sont num\u00e9rot\u00e9s et fournis avec un certificat d&#8217;authenticit\u00e9.<br \/>\nUne m\u00eame photographie peut \u00eatre disponible dans un ou plusieurs formats :<br \/>\n&#8211; Mini (19x13cm)<br \/>\n&#8211; S\u00e9lection(45x30cm)<br \/>\n&#8211; Encadr\u00e9 galerie(50x40cm)<br \/>\n&#8211; Large (90x60cm)*<br \/>\n&#8211; Giant (150x100cm)*<\/p>\n<p>*Selon l&#8217;image choisie<\/p>\n<p>Pour en savoir plus, d\u00e9couvrez les formats et finitions disponibles sur la boutique <a href=\"https:\/\/fr.zeinberg.com\/\">Zeinberg<\/a>.<\/p>\n<\/div>\n<div style=\"margin-top: 30px;\"><a class=\"button ghost white\" href=\"https:\/\/cedric-lebreton.fr\/index.php\/shop\/\">Voir la galerie<\/a><\/div>\n<\/div>\n<p><br class=\"clear\"\/><\/div>\n<\/div>\n<div id=\"portfolio\" class=\"one withsmallpadding ppb_header \" style=\"text-align:center;padding:50px 0 50px 0;\" >\n<div class=\"standard_wrapper\">\n<div class=\"page_content_wrapper\">\n<div class=\"inner\">\n<div style=\"margin:auto;width:50%\">\n<h2 class=\"ppb_title\" style=\"\">Le porfolio<\/h2>\n<\/div>\n<\/div>\n<\/div>\n<\/div>\n<\/div>\n<div  class=\"ppb_portfolio one nopadding \" >\n<div class=\"page_content_wrapper \">\n<ul id=\"portfolio_wall_filters_1641912380160700578\" class=\"portfolio_wall_filters portfolio-main filter full\">\n<li class=\"all-projects active\">\n\t\t<a class=\"active\" href=\"javascript:;\" data-filter=\"\">All<\/a><br \/>\n\t\t<span class=\"separator\">\/<\/span>\n\t<\/li>\n<li class=\"cat-item lifestyle\" data-type=\"lifestyle\" style=\"clear:none\">\n\t\t\t\t\t\t<a data-filter=\"lifestyle\" href=\"javascript:;\" title=\"Lifestyle\">Lifestyle<\/a><br \/>\n\t\t\t\t\t\t<span class=\"separator\">\/<\/span>\n\t\t\t\t\t<\/li>\n<li class=\"cat-item mariage\" data-type=\"mariage\" style=\"clear:none\">\n\t\t\t\t\t\t<a data-filter=\"mariage\" href=\"javascript:;\" title=\"Mariage\">Mariage<\/a><br \/>\n\t\t\t\t\t\t<span class=\"separator\">\/<\/span>\n\t\t\t\t\t<\/li>\n<li class=\"cat-item paysages\" data-type=\"paysages\" style=\"clear:none\">\n\t\t\t\t\t\t<a data-filter=\"paysages\" href=\"javascript:;\" title=\"Paysages\">Paysages<\/a><br \/>\n\t\t\t\t\t\t<span class=\"separator\">\/<\/span>\n\t\t\t\t\t<\/li>\n<li class=\"cat-item portrait\" data-type=\"portrait\" style=\"clear:none\">\n\t\t\t\t\t\t<a data-filter=\"portrait\" href=\"javascript:;\" title=\"Portrait\">Portrait<\/a><br \/>\n\t\t\t\t\t\t<span class=\"separator\">\/<\/span>\n\t\t\t\t\t<\/li>\n<\/ul>\n<div id=\"1641912380160700578\" class=\"portfolio_filter_wrapper gallery portfolio-content section content clearfix three_cols wide\" data-items=\"9\" data-cat=\"\">\n<div class=\"element grid masonry classic3_cols kenburns\">\n<div class=\"one_third gallery3 filterable static animated1 gallery_type hover_display\"><a href=\"https:\/\/cedric-lebreton.fr\/index.php\/portfolios\/scene-de-vie\/\"  class=\"\"><img decoding=\"async\" src=\"https:\/\/cedric-lebreton.fr\/wp-content\/uploads\/2020\/11\/2020-11-12-104811741-705x529.jpg\" alt=\"Scene de vie\" class=\"preview\"\/><\/p>\n<div id=\"portfolio_desc_6190\" class=\"portfolio_title\">\n<div class=\"table\">\n<div class=\"cell\">\n<h5>Scene de vie<\/h5>\n<div class=\"post_detail\"><\/div>\n<\/p><\/div>\n<\/p><\/div>\n<\/p><\/div>\n<p><\/a><\/div>\n<\/div>\n<div class=\"element grid masonry classic3_cols kenburns\">\n<div class=\"one_third gallery3 filterable static animated2 gallery_type hover_display\"><a href=\"https:\/\/cedric-lebreton.fr\/index.php\/portfolios\/mariages\/\"  class=\"\"><img decoding=\"async\" src=\"https:\/\/cedric-lebreton.fr\/wp-content\/uploads\/2020\/11\/Wedding0033-705x529.jpg\" alt=\"Mariages\" class=\"preview\"\/><\/p>\n<div id=\"portfolio_desc_6192\" class=\"portfolio_title\">\n<div class=\"table\">\n<div class=\"cell\">\n<h5>Mariages<\/h5>\n<div class=\"post_detail\"><\/div>\n<\/p><\/div>\n<\/p><\/div>\n<\/p><\/div>\n<p><\/a><\/div>\n<\/div>\n<div class=\"element grid masonry classic3_cols kenburns\">\n<div class=\"one_third gallery3 filterable static animated3 gallery_type hover_display\"><a href=\"https:\/\/cedric-lebreton.fr\/index.php\/portfolios\/animalier\/\"  class=\"\"><img decoding=\"async\" src=\"https:\/\/cedric-lebreton.fr\/wp-content\/uploads\/2020\/11\/Landscape0225-705x529.jpg\" alt=\"Animalier\" class=\"preview\"\/><\/p>\n<div id=\"portfolio_desc_6194\" class=\"portfolio_title\">\n<div class=\"table\">\n<div class=\"cell\">\n<h5>Animalier<\/h5>\n<div class=\"post_detail\"><\/div>\n<\/p><\/div>\n<\/p><\/div>\n<\/p><\/div>\n<p><\/a><\/div>\n<\/div>\n<div class=\"element grid masonry classic3_cols kenburns\">\n<div class=\"one_third gallery3 filterable static animated4 gallery_type hover_display\"><a href=\"https:\/\/cedric-lebreton.fr\/index.php\/portfolios\/natures\/\"  class=\"\"><img decoding=\"async\" src=\"https:\/\/cedric-lebreton.fr\/wp-content\/uploads\/2020\/11\/Landscape0207-705x529.jpg\" alt=\"Nature\" class=\"preview\"\/><\/p>\n<div id=\"portfolio_desc_6210\" class=\"portfolio_title\">\n<div class=\"table\">\n<div class=\"cell\">\n<h5>Nature<\/h5>\n<div class=\"post_detail\"><\/div>\n<\/p><\/div>\n<\/p><\/div>\n<\/p><\/div>\n<p><\/a><\/div>\n<\/div>\n<div class=\"element grid masonry classic3_cols kenburns\">\n<div class=\"one_third gallery3 filterable static animated5 gallery_type hover_display\"><a href=\"https:\/\/cedric-lebreton.fr\/index.php\/portfolios\/maritime\/\"  class=\"\"><img decoding=\"async\" src=\"https:\/\/cedric-lebreton.fr\/wp-content\/uploads\/2020\/11\/Landscape0174-705x529.jpg\" alt=\"Maritime\" class=\"preview\"\/><\/p>\n<div id=\"portfolio_desc_6212\" class=\"portfolio_title\">\n<div class=\"table\">\n<div class=\"cell\">\n<h5>Maritime<\/h5>\n<div class=\"post_detail\"><\/div>\n<\/p><\/div>\n<\/p><\/div>\n<\/p><\/div>\n<p><\/a><\/div>\n<\/div>\n<div class=\"element grid masonry classic3_cols kenburns\">\n<div class=\"one_third gallery3 filterable static animated6 gallery_type hover_display\"><a href=\"https:\/\/cedric-lebreton.fr\/index.php\/portfolios\/portraits\/\"  class=\"\"><img decoding=\"async\" src=\"https:\/\/cedric-lebreton.fr\/wp-content\/uploads\/2020\/11\/Portrait0031-705x529.jpg\" alt=\"Portraits\" class=\"preview\"\/><\/p>\n<div id=\"portfolio_desc_6214\" class=\"portfolio_title\">\n<div class=\"table\">\n<div class=\"cell\">\n<h5>Portraits<\/h5>\n<div class=\"post_detail\"><\/div>\n<\/p><\/div>\n<\/p><\/div>\n<\/p><\/div>\n<p><\/a><\/div>\n<\/div>\n<div class=\"element grid masonry classic3_cols kenburns\">\n<div class=\"one_third gallery3 filterable static animated7 gallery_type hover_display\"><a href=\"https:\/\/cedric-lebreton.fr\/index.php\/portfolios\/urbain\/\"  class=\"\"><img decoding=\"async\" src=\"https:\/\/cedric-lebreton.fr\/wp-content\/uploads\/2020\/11\/Landscape0024-705x529.jpg\" alt=\"Urbain\" class=\"preview\"\/><\/p>\n<div id=\"portfolio_desc_6216\" class=\"portfolio_title\">\n<div class=\"table\">\n<div class=\"cell\">\n<h5>Urbain<\/h5>\n<div class=\"post_detail\"><\/div>\n<\/p><\/div>\n<\/p><\/div>\n<\/p><\/div>\n<p><\/a><\/div>\n<\/div>\n<div class=\"element grid masonry classic3_cols kenburns\">\n<div class=\"one_third gallery3 filterable static animated8 gallery_type hover_display\"><a href=\"https:\/\/cedric-lebreton.fr\/index.php\/portfolios\/inclassables\/\"  class=\"\"><img decoding=\"async\" src=\"https:\/\/cedric-lebreton.fr\/wp-content\/uploads\/2020\/11\/Lifestyle0012-705x529.jpg\" alt=\"Inclassables\" class=\"preview\"\/><\/p>\n<div id=\"portfolio_desc_6220\" class=\"portfolio_title\">\n<div class=\"table\">\n<div class=\"cell\">\n<h5>Inclassables<\/h5>\n<div class=\"post_detail\"><\/div>\n<\/p><\/div>\n<\/p><\/div>\n<\/p><\/div>\n<p><\/a><\/div>\n<\/div>\n<div class=\"element grid masonry classic3_cols kenburns\">\n<div class=\"one_third gallery3 filterable static animated9 gallery_type hover_display\"><\/div>\n<\/div>\n<\/div>\n<div class=\"infinite_loading\" id=\"1641912380160700578_loading\"><i class=\"fa fa-circle-o-notch fa-spin\"><\/i><\/div>\n<p><input type=\"hidden\" id=\"1641912380160700578_offset\" name=\"1641912380160700578_offset\" value=\"0\" \/><input type=\"hidden\" id=\"1641912380160700578_total\" name=\"1641912380160700578_total\" value=\"9\" \/><input type=\"hidden\" id=\"1641912380160700578_status\" name=\"1641912380160700578_status\" value=\"0\" \/><\/div>\n<\/div>\n<div  class=\"one withsmallpadding ppb_text\" style=\"padding:30px 0 30px 0;\" >\n<div class=\"standard_wrapper\">\n<div class=\"page_content_wrapper\">\n<div class=\"inner\">\n<div style=\"margin:auto;width:100%\">\n<hr\/>\n<\/div>\n<\/div>\n<\/div>\n<\/div>\n<\/div>\n<div  class=\"parallax \" data-image=\"https:\/\/cedric-lebreton.fr\/wp-content\/uploads\/2020\/11\/Landscape0171.jpg\" data-width=\"2448\" data-height=\"1632\" style=\"height:500px; \"><\/div>\n<p><br class=\"clear\"\/><\/p>\n<div id=\"prestations\" class=\"one withsmallpadding ppb_header \" style=\"text-align:center;padding:30px 0 30px 0;\" >\n<div class=\"standard_wrapper\">\n<div class=\"page_content_wrapper\">\n<div class=\"inner\">\n<div style=\"margin:auto;width:100%\">\n<h2 class=\"ppb_title\" style=\"\">Les prestations<\/h2>\n<hr class=\"title_break center\" style=\"\"\/>\n<div class=\"ppb_header_content\">\n<p>Vous trouverez ci-dessous un bref r\u00e9capitulatif des prestations que je propose.<br \/>\nN&#8217;h\u00e9sitez pas \u00e0 me contacter pour plus d&#8217;informations.<\/p>\n<\/div>\n<\/div>\n<\/div>\n<\/div>\n<\/div>\n<\/div>\n<div id=\"prix\" class=\"one ppb_pricing\" style=\"padding:0px 0 0px 0;\" >\n<div class=\"standard_wrapper\">\n<div class=\"page_content_wrapper\">\n<div class=\"inner\">\n<div class=\"pricing_content_wrapper normal\">\n<div class=\"pricing one_fourth  \">\n<div class=\"pricing_wrapper_border\">\n<ul class=\"pricing_wrapper\">\n<li class=\"title_row \" style=\"background:;\">Book<\/li>\n<li class=\"price_row\"><strong>\u20ac<\/strong><em class=\"exact_price\" style=\"color:;\">200<\/em><em class=\"time\"><\/em><\/li>\n<li>S\u00e9ance 2h &#8211; 15 portraits\n<\/li>\n<li>Vous s\u00e9lectionnez vos images\n<\/li>\n<li>Fichiers num\u00e9riques par mail\n<\/li>\n<li>Tirage possible\n<\/li>\n<li>Option : vid\u00e9os possible<\/li>\n<li class=\"button_row \"><a href=\"http:\/\/the83company@gmail.com\" class=\"button\"  style=\"background:;border-color:;color:#fff;\">Contactez moi<\/a><\/li>\n<\/ul>\n<\/div>\n<\/div>\n<div class=\"pricing one_fourth  \">\n<div class=\"pricing_wrapper_border\">\n<ul class=\"pricing_wrapper\">\n<li class=\"title_row \" style=\"background:;\">Ev\u00e9nements<\/li>\n<li class=\"price_row\"><strong><\/strong><em class=\"exact_price\" style=\"color:;\">Sur devis<\/em><em class=\"time\"><\/em><\/li>\n<li>Mariage, Bapt\u00eame &#8230;\n<\/li>\n<li>Devis selon vos demandes\n<\/li>\n<li>Forfait : Jour ou heure\n<\/li>\n<li>Option : vid\u00e9o des shootings\n<\/li>\n<li>Option : Drone possible<\/li>\n<li class=\"button_row \"><a href=\"http:\/\/the83company@gmail.com\" class=\"button\"  style=\"background:;border-color:;color:#fff;\">Contactez moi<\/a><\/li>\n<\/ul>\n<\/div>\n<\/div>\n<div class=\"pricing one_fourth  \">\n<div class=\"pricing_wrapper_border\">\n<ul class=\"pricing_wrapper\">\n<li class=\"title_row \" style=\"background:;\">Portrait<\/li>\n<li class=\"price_row\"><strong>\u20ac<\/strong><em class=\"exact_price\" style=\"color:;\">90<\/em><em class=\"time\"><\/em><\/li>\n<li>S\u00e9ance individuelle\n<\/li>\n<li>SEANCE 15 min &#8211; 90\u20ac HT &#8211; 1 portraits\n<\/li>\n<li>SEANCE 30 min &#8211; 150\u20ac HT &#8211; 3 portraits\n<\/li>\n<li>SEANCE 45 min &#8211; 250\u20ac HT &#8211; 5 portraits\n<\/li>\n<li>SEANCE 60 min &#8211; 250\u20ac HT &#8211; 5 portraits<\/li>\n<li class=\"button_row \"><a href=\"http:\/\/the83company@gmail.com\" class=\"button\"  style=\"background:;border-color:;color:#fff;\">Contactez moi<\/a><\/li>\n<\/ul>\n<\/div>\n<\/div>\n<div class=\"pricing one_fourth  last\">\n<div class=\"pricing_wrapper_border\">\n<ul class=\"pricing_wrapper\">\n<li class=\"title_row \" style=\"background:;\">S\u00c9ANCE EVG\/EVJF<\/li>\n<li class=\"price_row\"><strong>\u20ac<\/strong><em class=\"exact_price\" style=\"color:;\">200<\/em><em class=\"time\"><\/em><\/li>\n<li>20 photos envoy\u00e9s par mail\n<\/li>\n<li>Photo de groupe, individuel\n<\/li>\n<li>Couleurs et noir et blanc.\n<\/li>\n<li>Option : vid\u00e9o de la s\u00e9ance\n<\/li>\n<li>Option : atelier ligthpainting<\/li>\n<li class=\"button_row \"><a href=\"http:\/\/the83company@gmail.com\" class=\"button\"  style=\"background:;border-color:;color:#fff;\">Contactez moi<\/a><\/li>\n<\/ul>\n<\/div>\n<\/div>\n<\/div>\n<\/div>\n<\/div>\n<\/div>\n<\/div>\n<div class=\"divider one\">&nbsp;<\/div>\n<div id=\"contact\" class=\"one withsmallpadding ppb_header \" style=\"text-align:center;padding:0px 0 0px 0;\" >\n<div class=\"standard_wrapper\">\n<div class=\"page_content_wrapper\">\n<div class=\"inner\">\n<div style=\"margin:auto;width:50%\">\n<h2 class=\"ppb_title\" style=\"\">Contact<\/h2>\n<hr class=\"title_break center\" style=\"\"\/>\n<div class=\"ppb_header_content\">\n<p>Pour me contacter rien de plus simple ! laissez moi vos coordonn\u00e9es et l&#8217;objet de votre demande et je vous recontacte tr\u00e8s rapidement.<\/p>\n<\/div>\n<\/div>\n<\/div>\n<\/div>\n<\/div>\n<\/div>\n<div class=\"standard_wrapper\">\n<div  class=\"one withsmallpadding\" style=\"padding:30px 0 30px 0;\" >\n<div class=\"page_content_wrapper\">\n<div class=\"inner\">\n<div class=\"inner_wrapper\">\n<div class=\"sidebar_content \">\n<h2 class=\"ppb_title\">Formulaire contact<\/h2>\n<div class=\"page_header_sep left\"><\/div>\n<div id=\"reponse_msg_1641912380541456304\" class=\"contact_form_response\">\n<ul><\/ul>\n<\/div>\n<form id=\"contact_form_1641912380541456304\" class=\"contact_form_wrapper\" method=\"post\" action=\"\/wp-admin\/admin-ajax.php\"><label for=\"your_name\">Name *<\/label><br \/>\n    \t\t\t\t<input id=\"your_name\" name=\"your_name\" type=\"text\" class=\"required_field\" placeholder=\"Name *\"\/><br \/>\n    \t\t\t\t<label for=\"email\">Email *<\/label><br \/>\n    \t\t\t\t<input id=\"email\" name=\"email\" type=\"text\" class=\"required_field email\" placeholder=\"Email *\"\/><br \/>\n    \t\t\t\t<label for=\"phone\">Phone<\/label><br \/>\n    \t\t\t\t<input id=\"phone\" name=\"phone\" type=\"text\" placeholder=\"Phone\"\/><br \/>\n    \t\t\t\t<label for=\"message\">Message *<\/label><br \/>\n    \t\t\t\t<textarea id=\"message\" name=\"message\" rows=\"7\" cols=\"10\" class=\"required_field\" style=\"width:95.5%;\" placeholder=\"Message *\"><\/textarea><\/p>\n<div id=\"captcha-wrap\">\n<div class=\"captcha-box\">\n    \t\t\t<img decoding=\"async\" src=\"https:\/\/cedric-lebreton.fr\/wp-admin\/admin-ajax.php?action=photography_script_get_captcha\" alt=\"\" id=\"captcha\" \/>\n    \t\t<\/div>\n<div class=\"text-box\">\n    \t\t\t<label>Type the two words:<\/label><br \/>\n    \t\t\t<input name=\"captcha-code\" type=\"text\" id=\"captcha-code\">\n    \t\t<\/div>\n<div class=\"captcha-action\">\n    \t\t\t<img decoding=\"async\" src=\"https:\/\/cedric-lebreton.fr\/wp-content\/themes\/photography\/images\/refresh.jpg\"  alt=\"\" id=\"captcha-refresh\" \/>\n    \t\t<\/div>\n<\/p><\/div>\n<p>    \t<br class=\"clear\"\/><\/p>\n<p><\/p>\n<div class=\"contact_submit_wrapper\">\n    \t<input id=\"contact_submit_btn1641912380541456304\" name=\"contact_submit_btn1641912380541456304\" type=\"submit\" class=\"solidbg\" value=\"Send\"\/>\n    <\/div>\n<\/form>\n<\/div>\n<div class=\"sidebar_wrapper \">\n<div class=\"sidebar\">\n<div class=\"content\">\n<ul class=\"sidebar_widget\">\n<li id=\"text-5\" class=\"widget widget_text\">\n<h2 class=\"widgettitle\"><span>Me contacter<\/span><\/h2>\n<div class=\"textwidget\">\n<p>Etablissement situ\u00e9 \u00e0 Saint Thonan, Finist\u00e8re, France<\/p>\n<p><a href=\"the83company@gmail.com\">the83company@gmail.com<\/a><\/p>\n<\/div>\n<\/li>\n<li id=\"text-6\" class=\"widget widget_text\">\n<h2 class=\"widgettitle\"><span>Suivez moi sur :<\/span><\/h2>\n<div class=\"textwidget\">\n<div class=\"social_wrapper shortcode dark large\">\n<ul>\n<li class=\"twitter\"><a target=\"_blank\" title=\"Twitter\" href=\"\/\/twitter.com\/butterflybzh\" rel=\"noopener\"><i class=\"fa fa-twitter\"><\/i><\/a><\/li>\n<li class=\"flickr\"><a target=\"_blank\" title=\"Flickr\" href=\"\/\/flickr.com\/people\/butterflybzh\" rel=\"noopener\"><i class=\"fa fa-flickr\"><\/i><\/a><\/li>\n<li class=\"youtube\"><a target=\"_blank\" title=\"Youtube\" href=\"https:\/\/www.youtube.com\/channel\/UCrOpp0mhcL_aduPuACJQVIg\/\" rel=\"noopener\"><i class=\"fa fa-youtube\"><\/i><\/a><\/li>\n<li class=\"instagram\"><a target=\"_blank\" title=\"Instagram\" href=\"\/\/instagram.com\/butterflybzh\" rel=\"noopener\"><i class=\"fa fa-instagram\"><\/i><\/a><\/li>\n<\/ul>\n<\/div>\n<\/div>\n<\/li>\n<\/ul>\n<\/div>\n<\/div>\n<\/div>\n<\/div>\n<\/div>\n<\/div>\n<\/div>\n<\/div>\n","protected":false},"excerpt":{"rendered":"","protected":false},"author":1,"featured_media":0,"parent":3602,"menu_order":0,"comment_status":"open","ping_status":"open","template":"","meta":{"footnotes":""},"class_list":["post-3702","page","type-page","status-publish","hentry"],"jetpack_sharing_enabled":true,"_links":{"self":[{"href":"https:\/\/cedric-lebreton.fr\/index.php\/wp-json\/wp\/v2\/pages\/3702","targetHints":{"allow":["GET"]}}],"collection":[{"href":"https:\/\/cedric-lebreton.fr\/index.php\/wp-json\/wp\/v2\/pages"}],"about":[{"href":"https:\/\/cedric-lebreton.fr\/index.php\/wp-json\/wp\/v2\/types\/page"}],"author":[{"embeddable":true,"href":"https:\/\/cedric-lebreton.fr\/index.php\/wp-json\/wp\/v2\/users\/1"}],"replies":[{"embeddable":true,"href":"https:\/\/cedric-lebreton.fr\/index.php\/wp-json\/wp\/v2\/comments?post=3702"}],"version-history":[{"count":130,"href":"https:\/\/cedric-lebreton.fr\/index.php\/wp-json\/wp\/v2\/pages\/3702\/revisions"}],"predecessor-version":[{"id":6784,"href":"https:\/\/cedric-lebreton.fr\/index.php\/wp-json\/wp\/v2\/pages\/3702\/revisions\/6784"}],"up":[{"embeddable":true,"href":"https:\/\/cedric-lebreton.fr\/index.php\/wp-json\/wp\/v2\/pages\/3602"}],"wp:attachment":[{"href":"https:\/\/cedric-lebreton.fr\/index.php\/wp-json\/wp\/v2\/media?parent=3702"}],"curies":[{"name":"wp","href":"https:\/\/api.w.org\/{rel}","templated":true}]}}